{"id":1253,"date":"2026-02-06T20:26:56","date_gmt":"2026-02-06T19:26:56","guid":{"rendered":"https:\/\/rozsa.cz\/?page_id=1253"},"modified":"2026-02-07T21:04:51","modified_gmt":"2026-02-07T20:04:51","slug":"kontakt","status":"publish","type":"page","link":"https:\/\/rozsa.cz\/sk\/kontakt\/","title":{"rendered":"Kontakt"},"content":{"rendered":"\n<div class=\"contact-form-wrap\">\n  <div class='fluentform ff-default fluentform_wrapper_5 ffs_default_wrap'><form data-form_id=\"5\" id=\"fluentform_5\" class=\"frm-fluent-form fluent_form_5 ff-el-form-top ff_form_instance_5_1 ff-form-loading ffs_default\" data-form_instance=\"ff_form_instance_5_1\" method=\"POST\" ><fieldset  style=\"border: none!important;margin: 0!important;padding: 0!important;background-color: transparent!important;box-shadow: none!important;outline: none!important; min-inline-size: 100%;\">\n                    <legend class=\"ff_screen_reader_title\" style=\"display: block; margin: 0!important;padding: 0!important;height: 0!important;text-indent: -999999px;width: 0!important;overflow:hidden;\">Contact Form SK (#5)<\/legend><input type='hidden' name='__fluent_form_embded_post_id' value='1253' \/><input type=\"hidden\" id=\"_fluentform_5_fluentformnonce\" name=\"_fluentform_5_fluentformnonce\" value=\"26d1ce9229\" \/><input type=\"hidden\" name=\"_wp_http_referer\" value=\"\/sk\/wp-json\/wp\/v2\/pages\/1253\" \/><div data-type=\"name-element\" data-name=\"names\" class=\" ff-field_container ff-name-field-wrapper\" ><div class='ff-t-container'><div class='ff-t-cell '><div class='ff-el-group'><div class=\"ff-el-input--label ff-el-is-required asterisk-right\"><label for='ff_5_names_last_name_' id='label_ff_5_names_last_name_' >Meno<\/label><\/div><div class='ff-el-input--content'><input type=\"text\" name=\"names[last_name]\" id=\"ff_5_names_last_name_\" class=\"ff-el-form-control\" placeholder=\"Va\u0161e meno\" aria-invalid=\"false\" aria-required=true><\/div><\/div><\/div><\/div><\/div><div class='ff-el-group'><div class=\"ff-el-input--label ff-el-is-required asterisk-right\"><label for='ff_5_email' id='label_ff_5_email' aria-label=\"E-mail\">E-mail<\/label><\/div><div class='ff-el-input--content'><input type=\"email\" name=\"email\" id=\"ff_5_email\" class=\"ff-el-form-control\" placeholder=\"E-mailov\u00e1 adresa\" data-name=\"email\"  aria-invalid=\"false\" aria-required=true><\/div><\/div><div class='ff-el-group'><div class=\"ff-el-input--label asterisk-right\"><label for='ff_5_dropdown' id='label_ff_5_dropdown' aria-label=\"Predmet\">Predmet<\/label><\/div><div class='ff-el-input--content'><select name=\"dropdown\" id=\"ff_5_dropdown\" class=\"ff-el-form-control\" data-name=\"dropdown\" data-calc_value=\"0\"  aria-invalid=\"false\" aria-required=\"false\" aria-labelledby=\"label_ff_5_dropdown\"><option value=\"\">Vyberte predmet<\/option><option value=\"Konzult\u00e1cie \/ odborn\u00e1 spolupr\u00e1ca\"  >Konzult\u00e1cie \/ odborn\u00e1 spolupr\u00e1ca<\/option><option value=\"V\u00fdskum a publik\u00e1cie\"  >V\u00fdskum a publik\u00e1cie<\/option><option value=\"Predn\u00e1\u0161ky a vyst\u00fapenia\"  >Predn\u00e1\u0161ky a vyst\u00fapenia<\/option><option value=\"M\u00e9di\u00e1 \/ rozhovor\"  >M\u00e9di\u00e1 \/ rozhovor<\/option><option value=\"Spolupr\u00e1ca s in\u0161tit\u00faciou\"  >Spolupr\u00e1ca s in\u0161tit\u00faciou<\/option><option value=\"In\u00e9\"  >In\u00e9<\/option><\/select><\/div><\/div><div class='ff-el-group has-conditions'><div class=\"ff-el-input--label asterisk-right\"><label for='ff_5_input_text' id='label_ff_5_input_text' aria-label=\"Upresnenie\">Upresnenie<\/label><\/div><div class='ff-el-input--content'><input type=\"text\" name=\"input_text\" class=\"ff-el-form-control\" placeholder=\"Pros\u00edm uve\u010fte dopl\u0148uj\u00face inform\u00e1cie\" data-name=\"input_text\" id=\"ff_5_input_text\"  aria-invalid=\"false\" aria-required=false><\/div><\/div><div class='ff-el-group'><div class=\"ff-el-input--label ff-el-is-required asterisk-right\"><label for='ff_5_message' id='label_ff_5_message' aria-label=\"Spr\u00e1va\">Spr\u00e1va<\/label><\/div><div class='ff-el-input--content'><textarea aria-required=\"true\" aria-labelledby=\"label_ff_5_message\" name=\"message\" id=\"ff_5_message\" class=\"ff-el-form-control\" placeholder=\"Nap\u00ed\u0161te pros\u00edm va\u0161u spr\u00e1vu\" rows=\"4\" cols=\"2\" data-name=\"message\" ><\/textarea><\/div><\/div><div class='ff-el-group ff-text-left ff_submit_btn_wrapper'><button type=\"submit\" class=\"ff-btn ff-btn-submit ff-btn-md ff_btn_style\"  aria-label=\"Odosla\u0165\">Odosla\u0165<\/button><\/div><\/fieldset><\/form><div id='fluentform_5_errors' class='ff-errors-in-stack ff_form_instance_5_1 ff-form-loading_errors ff_form_instance_5_1_errors'><\/div><\/div>            <script type=\"text\/javascript\">\n                window.fluent_form_ff_form_instance_5_1 = {\"id\":\"5\",\"settings\":{\"layout\":{\"labelPlacement\":\"top\",\"helpMessagePlacement\":\"with_label\",\"errorMessagePlacement\":\"inline\",\"cssClassName\":\"\",\"asteriskPlacement\":\"asterisk-right\"},\"restrictions\":{\"denyEmptySubmission\":{\"enabled\":false}}},\"form_instance\":\"ff_form_instance_5_1\",\"form_id_selector\":\"fluentform_5\",\"rules\":{\"names[first_name]\":{\"required\":{\"value\":false,\"message\":\"This field is required\",\"global\":false,\"global_message\":\"This field is required\"}},\"names[middle_name]\":{\"required\":{\"value\":false,\"message\":\"This field is required\",\"global\":false,\"global_message\":\"This field is required\"}},\"names[last_name]\":{\"required\":{\"value\":true,\"message\":\"Toto pole je povinn\\u00e9\",\"global\":false,\"global_message\":\"This field is required\"}},\"email\":{\"required\":{\"value\":true,\"message\":\"Toto pole je povinn\\u00e9\",\"global\":false,\"global_message\":\"This field is required\"},\"email\":{\"value\":true,\"message\":\"Zadajte platn\\u00fa e-mailov\\u00fa adresu\",\"global\":false,\"global_message\":\"This field must contain a valid email\"}},\"dropdown\":{\"required\":{\"value\":false,\"message\":\"This field is required\",\"global_message\":\"This field is required\",\"global\":true}},\"input_text\":{\"required\":{\"value\":false,\"message\":\"This field is required\",\"global_message\":\"This field is required\",\"global\":true}},\"message\":{\"required\":{\"value\":true,\"message\":\"Toto pole je povinn\\u00e9\",\"global\":false,\"global_message\":\"This field is required\"}}},\"debounce_time\":300,\"conditionals\":{\"input_text\":{\"type\":\"any\",\"status\":true,\"conditions\":[{\"field\":\"dropdown\",\"value\":\"In\\u00e9\",\"operator\":\"=\"}],\"condition_groups\":[{\"rules\":[{\"field\":\"\",\"value\":\"\",\"operator\":\"\"}],\"title\":\"\",\"isEditingTitle\":false,\"isPreviewOpen\":false,\"isGroupOpen\":true}]}}};\n                            <\/script>\n            \n<\/div>\n\n\n\n<div class=\"contact-map\">\n  <iframe\n  src=\"https:\/\/www.openstreetmap.org\/export\/embed.html?bbox=14.4125%2C50.0768%2C14.4235%2C50.0832&#038;layer=mapnik&#038;marker=50.079740401947866%2C14.418261498212814\"\n  loading=\"lazy\"\n  referrerpolicy=\"no-referrer-when-downgrade\">\n<\/iframe>\n  <a class=\"map-overlay\"\n     href=\"https:\/\/www.google.com\/maps?q=50.079740,14.418261\"\n     target=\"_blank\"\n     rel=\"noopener\"\n     aria-label=\"Open location in Google Maps\">\n  <\/a>\n<\/div>\n","protected":false},"excerpt":{"rendered":"","protected":false},"author":1,"featured_media":0,"parent":0,"menu_order":0,"comment_status":"closed","ping_status":"closed","template":"","meta":{"_kad_post_transparent":"","_kad_post_title":"","_kad_post_layout":"","_kad_post_sidebar_id":"","_kad_post_content_style":"","_kad_post_vertical_padding":"","_kad_post_feature":"","_kad_post_feature_position":"","_kad_post_header":false,"_kad_post_footer":false,"_kad_post_classname":"","footnotes":""},"class_list":["post-1253","page","type-page","status-publish","hentry"],"yoast_head":"<!-- This site is optimized with the Yoast SEO plugin v27.1.1 - https:\/\/yoast.com\/product\/yoast-seo-wordpress\/ -->\n<title>Kontakt - prof. PhDr. Zolt\u00e1n R\u00f3zsa, PhD.<\/title>\n<meta name=\"robots\" content=\"noindex, follow, max-snippet:-1, max-image-preview:large, max-video-preview:-1\" \/>\n<meta property=\"og:locale\" content=\"sk_SK\" \/>\n<meta property=\"og:type\" content=\"article\" \/>\n<meta property=\"og:title\" content=\"Kontakt - prof. PhDr. Zolt\u00e1n R\u00f3zsa, PhD.\" \/>\n<meta property=\"og:url\" content=\"https:\/\/rozsa.cz\/sk\/kontakt\/\" \/>\n<meta property=\"og:site_name\" content=\"prof. PhDr. Zolt\u00e1n R\u00f3zsa, PhD.\" \/>\n<meta property=\"article:modified_time\" content=\"2026-02-07T20:04:51+00:00\" \/>\n<meta name=\"twitter:card\" content=\"summary_large_image\" \/>\n<meta name=\"twitter:label1\" content=\"Predpokladan\u00fd \u010das \u010d\u00edtania\" \/>\n\t<meta name=\"twitter:data1\" content=\"1 min\u00fata\" \/>\n<script type=\"application\/ld+json\" class=\"yoast-schema-graph\">{\"@context\":\"https:\/\/schema.org\",\"@graph\":[{\"@type\":\"WebPage\",\"@id\":\"https:\/\/rozsa.cz\/sk\/kontakt\/\",\"url\":\"https:\/\/rozsa.cz\/sk\/kontakt\/\",\"name\":\"Kontakt - prof. PhDr. Zolt\u00e1n R\u00f3zsa, PhD.\",\"isPartOf\":{\"@id\":\"https:\/\/rozsa.cz\/sk\/#website\"},\"datePublished\":\"2026-02-06T19:26:56+00:00\",\"dateModified\":\"2026-02-07T20:04:51+00:00\",\"breadcrumb\":{\"@id\":\"https:\/\/rozsa.cz\/sk\/kontakt\/#breadcrumb\"},\"inLanguage\":\"sk-SK\",\"potentialAction\":[{\"@type\":\"ReadAction\",\"target\":[\"https:\/\/rozsa.cz\/sk\/kontakt\/\"]}]},{\"@type\":\"BreadcrumbList\",\"@id\":\"https:\/\/rozsa.cz\/sk\/kontakt\/#breadcrumb\",\"itemListElement\":[{\"@type\":\"ListItem\",\"position\":1,\"name\":\"Dom\u016f\",\"item\":\"https:\/\/rozsa.cz\/sk\/\"},{\"@type\":\"ListItem\",\"position\":2,\"name\":\"Kontakt\"}]},{\"@type\":\"WebSite\",\"@id\":\"https:\/\/rozsa.cz\/sk\/#website\",\"url\":\"https:\/\/rozsa.cz\/sk\/\",\"name\":\"prof. PhDr. Zolt\u00e1n R\u00f3zsa, PhD.\",\"description\":\"\",\"publisher\":{\"@id\":\"https:\/\/rozsa.cz\/sk\/#organization\"},\"potentialAction\":[{\"@type\":\"SearchAction\",\"target\":{\"@type\":\"EntryPoint\",\"urlTemplate\":\"https:\/\/rozsa.cz\/sk\/?s={search_term_string}\"},\"query-input\":{\"@type\":\"PropertyValueSpecification\",\"valueRequired\":true,\"valueName\":\"search_term_string\"}}],\"inLanguage\":\"sk-SK\"},{\"@type\":\"Organization\",\"@id\":\"https:\/\/rozsa.cz\/sk\/#organization\",\"name\":\"prof. PhDr. Zolt\u00e1n R\u00f3zsa, PhD.\",\"url\":\"https:\/\/rozsa.cz\/sk\/\",\"logo\":{\"@type\":\"ImageObject\",\"inLanguage\":\"sk-SK\",\"@id\":\"https:\/\/rozsa.cz\/sk\/#\/schema\/logo\/image\/\",\"url\":\"https:\/\/rozsa.cz\/wp-content\/uploads\/2026\/02\/Asset-1.png\",\"contentUrl\":\"https:\/\/rozsa.cz\/wp-content\/uploads\/2026\/02\/Asset-1.png\",\"width\":234,\"height\":69,\"caption\":\"prof. PhDr. Zolt\u00e1n R\u00f3zsa, PhD.\"},\"image\":{\"@id\":\"https:\/\/rozsa.cz\/sk\/#\/schema\/logo\/image\/\"}}]}<\/script>\n<!-- \/ Yoast SEO plugin. -->","yoast_head_json":{"title":"Kontakt - prof. PhDr. Zolt\u00e1n R\u00f3zsa, PhD.","robots":{"index":"noindex","follow":"follow","max-snippet":"max-snippet:-1","max-image-preview":"max-image-preview:large","max-video-preview":"max-video-preview:-1"},"og_locale":"sk_SK","og_type":"article","og_title":"Kontakt - prof. PhDr. Zolt\u00e1n R\u00f3zsa, PhD.","og_url":"https:\/\/rozsa.cz\/sk\/kontakt\/","og_site_name":"prof. PhDr. Zolt\u00e1n R\u00f3zsa, PhD.","article_modified_time":"2026-02-07T20:04:51+00:00","twitter_card":"summary_large_image","twitter_misc":{"Predpokladan\u00fd \u010das \u010d\u00edtania":"1 min\u00fata"},"schema":{"@context":"https:\/\/schema.org","@graph":[{"@type":"WebPage","@id":"https:\/\/rozsa.cz\/sk\/kontakt\/","url":"https:\/\/rozsa.cz\/sk\/kontakt\/","name":"Kontakt - prof. PhDr. Zolt\u00e1n R\u00f3zsa, PhD.","isPartOf":{"@id":"https:\/\/rozsa.cz\/sk\/#website"},"datePublished":"2026-02-06T19:26:56+00:00","dateModified":"2026-02-07T20:04:51+00:00","breadcrumb":{"@id":"https:\/\/rozsa.cz\/sk\/kontakt\/#breadcrumb"},"inLanguage":"sk-SK","potentialAction":[{"@type":"ReadAction","target":["https:\/\/rozsa.cz\/sk\/kontakt\/"]}]},{"@type":"BreadcrumbList","@id":"https:\/\/rozsa.cz\/sk\/kontakt\/#breadcrumb","itemListElement":[{"@type":"ListItem","position":1,"name":"Dom\u016f","item":"https:\/\/rozsa.cz\/sk\/"},{"@type":"ListItem","position":2,"name":"Kontakt"}]},{"@type":"WebSite","@id":"https:\/\/rozsa.cz\/sk\/#website","url":"https:\/\/rozsa.cz\/sk\/","name":"prof. PhDr. Zolt\u00e1n R\u00f3zsa, PhD.","description":"","publisher":{"@id":"https:\/\/rozsa.cz\/sk\/#organization"},"potentialAction":[{"@type":"SearchAction","target":{"@type":"EntryPoint","urlTemplate":"https:\/\/rozsa.cz\/sk\/?s={search_term_string}"},"query-input":{"@type":"PropertyValueSpecification","valueRequired":true,"valueName":"search_term_string"}}],"inLanguage":"sk-SK"},{"@type":"Organization","@id":"https:\/\/rozsa.cz\/sk\/#organization","name":"prof. PhDr. Zolt\u00e1n R\u00f3zsa, PhD.","url":"https:\/\/rozsa.cz\/sk\/","logo":{"@type":"ImageObject","inLanguage":"sk-SK","@id":"https:\/\/rozsa.cz\/sk\/#\/schema\/logo\/image\/","url":"https:\/\/rozsa.cz\/wp-content\/uploads\/2026\/02\/Asset-1.png","contentUrl":"https:\/\/rozsa.cz\/wp-content\/uploads\/2026\/02\/Asset-1.png","width":234,"height":69,"caption":"prof. PhDr. Zolt\u00e1n R\u00f3zsa, PhD."},"image":{"@id":"https:\/\/rozsa.cz\/sk\/#\/schema\/logo\/image\/"}}]}},"_links":{"self":[{"href":"https:\/\/rozsa.cz\/sk\/wp-json\/wp\/v2\/pages\/1253","targetHints":{"allow":["GET"]}}],"collection":[{"href":"https:\/\/rozsa.cz\/sk\/wp-json\/wp\/v2\/pages"}],"about":[{"href":"https:\/\/rozsa.cz\/sk\/wp-json\/wp\/v2\/types\/page"}],"author":[{"embeddable":true,"href":"https:\/\/rozsa.cz\/sk\/wp-json\/wp\/v2\/users\/1"}],"replies":[{"embeddable":true,"href":"https:\/\/rozsa.cz\/sk\/wp-json\/wp\/v2\/comments?post=1253"}],"version-history":[{"count":1,"href":"https:\/\/rozsa.cz\/sk\/wp-json\/wp\/v2\/pages\/1253\/revisions"}],"predecessor-version":[{"id":1255,"href":"https:\/\/rozsa.cz\/sk\/wp-json\/wp\/v2\/pages\/1253\/revisions\/1255"}],"wp:attachment":[{"href":"https:\/\/rozsa.cz\/sk\/wp-json\/wp\/v2\/media?parent=1253"}],"curies":[{"name":"wp","href":"https:\/\/api.w.org\/{rel}","templated":true}]}}